{"id":2364,"date":"2025-02-05T14:04:52","date_gmt":"2025-02-05T13:04:52","guid":{"rendered":"https:\/\/albaikide.com\/?page_id=2364"},"modified":"2025-02-11T15:05:00","modified_gmt":"2025-02-11T14:05:00","slug":"proyectos","status":"publish","type":"page","link":"http:\/\/albaikide.com\/eus\/proyectos\/","title":{"rendered":"Proiektuak"},"content":{"rendered":"<div data-elementor-type=\"wp-post\" data-elementor-id=\"2364\" class=\"elementor elementor-2364\">\n\t\t\t\t\t\t<section class=\"elementor-section elementor-top-section elementor-element elementor-element-b066fdb elementor-section-boxed elementor-section-height-default elementor-section-height-default\" data-id=\"b066fdb\" data-element_type=\"section\" data-e-type=\"section\">\n\t\t\t\t\t\t<div class=\"elementor-container elementor-column-gap-default\">\n\t\t\t\t\t<div class=\"elementor-column elementor-col-100 elementor-top-column elementor-element elementor-element-bb203b3\" data-id=\"bb203b3\" data-element_type=\"column\" data-e-type=\"column\">\n\t\t\t<div class=\"elementor-widget-wrap elementor-element-populated\">\n\t\t\t\t\t\t<div class=\"elementor-element elementor-element-b7a931d elementor-widget elementor-widget-spacer\" data-id=\"b7a931d\" data-element_type=\"widget\" data-e-type=\"widget\" data-widget_type=\"spacer.default\">\n\t\t\t\t<div class=\"elementor-widget-container\">\n\t\t\t\t\t\t\t<div class=\"elementor-spacer\">\n\t\t\t<div class=\"elementor-spacer-inner\"><\/div>\n\t\t<\/div>\n\t\t\t\t\t\t<\/div>\n\t\t\t\t<\/div>\n\t\t\t\t<div class=\"elementor-element elementor-element-56d62ea elementor-grid-eael-col-1 elementor-grid-tablet-eael-col-2 elementor-grid-mobile-eael-col-1 elementor-widget elementor-widget-eael-post-grid\" data-id=\"56d62ea\" data-element_type=\"widget\" data-e-type=\"widget\" data-settings=\"{&quot;eael_post_grid_columns&quot;:&quot;eael-col-1&quot;,&quot;eael_post_grid_columns_tablet&quot;:&quot;eael-col-2&quot;,&quot;eael_post_grid_columns_mobile&quot;:&quot;eael-col-1&quot;}\" data-widget_type=\"eael-post-grid.default\">\n\t\t\t\t<div class=\"elementor-widget-container\">\n\t\t\t\t\t<div id=\"eael-post-grid-56d62ea\" class=\"eael-post-grid-container\">\n            <div class=\"eael-post-grid eael-post-appender eael-post-appender-56d62ea eael-post-grid-style-one\" data-layout-mode=\"grid\"><article class=\"eael-grid-post  eael-post-grid-column eael-pg-post-2415 category-proyectos\" data-id=\"2415\">\n        <div class=\"eael-grid-post-holder\">\n            <div class=\"eael-grid-post-holder-inner\"><div class=\"eael-entry-wrapper\"><header class=\"eael-entry-header\"><h2 class=\"eael-entry-title\"><a class=\"eael-grid-post-link\" href=\"http:\/\/albaikide.com\/eus\/proyecto-eficas\/\" title=\"Proyecto Eficas\">Proyecto Eficas<\/a><\/h2><\/header><div class=\"eael-entry-header-after\"><div class=\"eael-entry-meta\"><\/div><\/div><div class=\"eael-entry-content\">\n                        <div class=\"eael-grid-post-excerpt\"><p>El \u00faltimo proyecto liderado por ALBAIKIDE ha sido el proyecto EFICAS, titulado Incremento de la competitividad y sostenibilidad de las ganader\u00edas mediante el uso eficiente de la informaci\u00f3n gen\u00e9tica de las case\u00ednas y c\u00e9lulas som\u00e1ticas para la mejora de la aptitud tecnol\u00f3gica de la leche de vaca y el bienestar animal (Behi-esnearen gaitasun teknologikoa eta animalien ongizatea hobetzeko, kaseinen eta zelula somatikoen informazio genetikoa modu eraginkorrean erabiliz, abeltzaintza-ustiategien lehiakortasuna eta&hellip;<\/p><a href=\"http:\/\/albaikide.com\/eus\/proyecto-eficas\/\" class=\"eael-post-elements-readmore-btn\">Leer m\u00e1s<\/a><\/div>\n                    <\/div><\/div><\/div>\n        <\/div>\n    <\/article><article class=\"eael-grid-post  eael-post-grid-column eael-pg-post-2372 category-proyectos\" data-id=\"2372\">\n        <div class=\"eael-grid-post-holder\">\n            <div class=\"eael-grid-post-holder-inner\"><div class=\"eael-entry-wrapper\"><header class=\"eael-entry-header\"><h2 class=\"eael-entry-title\"><a class=\"eael-grid-post-link\" href=\"http:\/\/albaikide.com\/eus\/proyecto-abiesnea\/\" title=\"Proyecto Abiesnea\">Proyecto Abiesnea<\/a><\/h2><\/header><div class=\"eael-entry-header-after\"><div class=\"eael-entry-meta\"><\/div><\/div><div class=\"eael-entry-content\">\n                        <div class=\"eael-grid-post-excerpt\"><p>El \u00faltimo proyecto liderado por ALBAIKIDE ha sido el proyecto\u00a0Abiesnea, con el t\u00edtulo\u00a0\u201cTransformaci\u00f3n de un reba\u00f1o lechero para la producci\u00f3n de leche diferenciada A2 indicada para personas con intolerancia a las prote\u00ednas l\u00e1cteas\u201d.\u00a0En dicho proyecto, adem\u00e1s de ALBAIKIDE, participaron S.A.T. Etxeberri (Lacturale) y la Universidad P\u00fablica de Navarra en el marco de la convocatoria \u00abApoyo para los proyectos piloto y para el desarrollo de nuevos productos, pr\u00e1cticas, procesos y tecnolog\u00edas\u00bb&hellip;<\/p><a href=\"http:\/\/albaikide.com\/eus\/proyecto-abiesnea\/\" class=\"eael-post-elements-readmore-btn\">Leer m\u00e1s<\/a><\/div>\n                    <\/div><\/div><\/div>\n        <\/div>\n    <\/article><\/div>\n            <div class=\"clearfix\"><\/div>\n        <\/div>\t\t\t\t<\/div>\n\t\t\t\t<\/div>\n\t\t\t\t\t<\/div>\n\t\t<\/div>\n\t\t\t\t\t<\/div>\n\t\t<\/section>\n\t\t\t\t<\/div>","protected":false},"excerpt":{"rendered":"<p>Proyecto Eficas El objetivo general del proyecto es implantar una soluci\u00f3n innovadora mediante el uso de la informaci\u00f3n gen\u00e9tica de las case\u00ednas y c\u00e9lulas som\u00e1ticas que permita mejorar la composici\u00f3n y la aptitud tecnol\u00f3gica de la leche y salud de los animales para la obtenci\u00f3n de leche l\u00edquida con una calidad diferenciada. As\u00ed, se lograr\u00e1 una mejora en la eficiencia del proceso de transformaci\u00f3n de la leche en queso, as\u00ed&hellip;<\/p>","protected":false},"author":5,"featured_media":0,"parent":0,"menu_order":0,"comment_status":"closed","ping_status":"closed","template":"","meta":{"inline_featured_image":false,"footnotes":""},"class_list":["post-2364","page","type-page","status-publish","hentry"],"yoast_head":"<!-- This site is optimized with the Yoast SEO plugin v27.2 - https:\/\/yoast.com\/product\/yoast-seo-wordpress\/ -->\n<title>Proyectos - Albaikide<\/title>\n<meta name=\"robots\" content=\"index, follow, max-snippet:-1, max-image-preview:large, max-video-preview:-1\" \/>\n<link rel=\"canonical\" href=\"http:\/\/albaikide.com\/eus\/proyectos\/\" \/>\n<meta property=\"og:locale\" content=\"en_US\" \/>\n<meta property=\"og:type\" content=\"article\" \/>\n<meta property=\"og:title\" content=\"Proyectos - Albaikide\" \/>\n<meta property=\"og:description\" content=\"Proyecto Eficas El objetivo general del proyecto es implantar una soluci\u00f3n innovadora mediante el uso de la informaci\u00f3n gen\u00e9tica de las case\u00ednas y c\u00e9lulas som\u00e1ticas que permita mejorar la composici\u00f3n y la aptitud tecnol\u00f3gica de la leche y salud de los animales para la obtenci\u00f3n de leche l\u00edquida con una calidad diferenciada. As\u00ed, se lograr\u00e1 una mejora en la eficiencia del proceso de transformaci\u00f3n de la leche en queso, as\u00ed&hellip;\" \/>\n<meta property=\"og:url\" content=\"http:\/\/albaikide.com\/eus\/proyectos\/\" \/>\n<meta property=\"og:site_name\" content=\"Albaikide\" \/>\n<meta property=\"article:modified_time\" content=\"2025-02-11T14:05:00+00:00\" \/>\n<meta name=\"twitter:card\" content=\"summary_large_image\" \/>\n<meta name=\"twitter:label1\" content=\"Est. reading time\" \/>\n\t<meta name=\"twitter:data1\" content=\"1 minutua\" \/>\n<script type=\"application\/ld+json\" class=\"yoast-schema-graph\">{\"@context\":\"https:\/\/schema.org\",\"@graph\":[{\"@type\":\"WebPage\",\"@id\":\"http:\/\/albaikide.com\/proyectos\/\",\"url\":\"http:\/\/albaikide.com\/proyectos\/\",\"name\":\"Proyectos - Albaikide\",\"isPartOf\":{\"@id\":\"http:\/\/albaikide.com\/#website\"},\"datePublished\":\"2025-02-05T13:04:52+00:00\",\"dateModified\":\"2025-02-11T14:05:00+00:00\",\"breadcrumb\":{\"@id\":\"http:\/\/albaikide.com\/proyectos\/#breadcrumb\"},\"inLanguage\":\"eu\",\"potentialAction\":[{\"@type\":\"ReadAction\",\"target\":[\"http:\/\/albaikide.com\/proyectos\/\"]}]},{\"@type\":\"BreadcrumbList\",\"@id\":\"http:\/\/albaikide.com\/proyectos\/#breadcrumb\",\"itemListElement\":[{\"@type\":\"ListItem\",\"position\":1,\"name\":\"Portada\",\"item\":\"http:\/\/albaikide.com\/\"},{\"@type\":\"ListItem\",\"position\":2,\"name\":\"Proyectos\"}]},{\"@type\":\"WebSite\",\"@id\":\"http:\/\/albaikide.com\/#website\",\"url\":\"http:\/\/albaikide.com\/\",\"name\":\"Albaitaritza\",\"description\":\"\",\"publisher\":{\"@id\":\"http:\/\/albaikide.com\/#organization\"},\"potentialAction\":[{\"@type\":\"SearchAction\",\"target\":{\"@type\":\"EntryPoint\",\"urlTemplate\":\"http:\/\/albaikide.com\/?s={search_term_string}\"},\"query-input\":{\"@type\":\"PropertyValueSpecification\",\"valueRequired\":true,\"valueName\":\"search_term_string\"}}],\"inLanguage\":\"eu\"},{\"@type\":\"Organization\",\"@id\":\"http:\/\/albaikide.com\/#organization\",\"name\":\"Albaitaritza SA\",\"url\":\"http:\/\/albaikide.com\/\",\"logo\":{\"@type\":\"ImageObject\",\"inLanguage\":\"eu\",\"@id\":\"http:\/\/albaikide.com\/#\/schema\/logo\/image\/\",\"url\":\"http:\/\/albaikide.com\/wp-content\/uploads\/albaitaritza-logo.png\",\"contentUrl\":\"http:\/\/albaikide.com\/wp-content\/uploads\/albaitaritza-logo.png\",\"width\":1667,\"height\":417,\"caption\":\"Albaitaritza SA\"},\"image\":{\"@id\":\"http:\/\/albaikide.com\/#\/schema\/logo\/image\/\"}}]}<\/script>\n<!-- \/ Yoast SEO plugin. -->","yoast_head_json":{"title":"Proyectos - Albaikide","robots":{"index":"index","follow":"follow","max-snippet":"max-snippet:-1","max-image-preview":"max-image-preview:large","max-video-preview":"max-video-preview:-1"},"canonical":"http:\/\/albaikide.com\/eus\/proyectos\/","og_locale":"en_US","og_type":"article","og_title":"Proyectos - Albaikide","og_description":"Proyecto Eficas El objetivo general del proyecto es implantar una soluci\u00f3n innovadora mediante el uso de la informaci\u00f3n gen\u00e9tica de las case\u00ednas y c\u00e9lulas som\u00e1ticas que permita mejorar la composici\u00f3n y la aptitud tecnol\u00f3gica de la leche y salud de los animales para la obtenci\u00f3n de leche l\u00edquida con una calidad diferenciada. As\u00ed, se lograr\u00e1 una mejora en la eficiencia del proceso de transformaci\u00f3n de la leche en queso, as\u00ed&hellip;","og_url":"http:\/\/albaikide.com\/eus\/proyectos\/","og_site_name":"Albaikide","article_modified_time":"2025-02-11T14:05:00+00:00","twitter_card":"summary_large_image","twitter_misc":{"Est. reading time":"1 minutua"},"schema":{"@context":"https:\/\/schema.org","@graph":[{"@type":"WebPage","@id":"http:\/\/albaikide.com\/proyectos\/","url":"http:\/\/albaikide.com\/proyectos\/","name":"Proyectos - Albaikide","isPartOf":{"@id":"http:\/\/albaikide.com\/#website"},"datePublished":"2025-02-05T13:04:52+00:00","dateModified":"2025-02-11T14:05:00+00:00","breadcrumb":{"@id":"http:\/\/albaikide.com\/proyectos\/#breadcrumb"},"inLanguage":"eu","potentialAction":[{"@type":"ReadAction","target":["http:\/\/albaikide.com\/proyectos\/"]}]},{"@type":"BreadcrumbList","@id":"http:\/\/albaikide.com\/proyectos\/#breadcrumb","itemListElement":[{"@type":"ListItem","position":1,"name":"Portada","item":"http:\/\/albaikide.com\/"},{"@type":"ListItem","position":2,"name":"Proyectos"}]},{"@type":"WebSite","@id":"http:\/\/albaikide.com\/#website","url":"http:\/\/albaikide.com\/","name":"Albaitaritza","description":"","publisher":{"@id":"http:\/\/albaikide.com\/#organization"},"potentialAction":[{"@type":"SearchAction","target":{"@type":"EntryPoint","urlTemplate":"http:\/\/albaikide.com\/?s={search_term_string}"},"query-input":{"@type":"PropertyValueSpecification","valueRequired":true,"valueName":"search_term_string"}}],"inLanguage":"eu"},{"@type":"Organization","@id":"http:\/\/albaikide.com\/#organization","name":"Albaitaritza SA","url":"http:\/\/albaikide.com\/","logo":{"@type":"ImageObject","inLanguage":"eu","@id":"http:\/\/albaikide.com\/#\/schema\/logo\/image\/","url":"http:\/\/albaikide.com\/wp-content\/uploads\/albaitaritza-logo.png","contentUrl":"http:\/\/albaikide.com\/wp-content\/uploads\/albaitaritza-logo.png","width":1667,"height":417,"caption":"Albaitaritza SA"},"image":{"@id":"http:\/\/albaikide.com\/#\/schema\/logo\/image\/"}}]}},"_links":{"self":[{"href":"http:\/\/albaikide.com\/eus\/wp-json\/wp\/v2\/pages\/2364","targetHints":{"allow":["GET"]}}],"collection":[{"href":"http:\/\/albaikide.com\/eus\/wp-json\/wp\/v2\/pages"}],"about":[{"href":"http:\/\/albaikide.com\/eus\/wp-json\/wp\/v2\/types\/page"}],"author":[{"embeddable":true,"href":"http:\/\/albaikide.com\/eus\/wp-json\/wp\/v2\/users\/5"}],"replies":[{"embeddable":true,"href":"http:\/\/albaikide.com\/eus\/wp-json\/wp\/v2\/comments?post=2364"}],"version-history":[{"count":23,"href":"http:\/\/albaikide.com\/eus\/wp-json\/wp\/v2\/pages\/2364\/revisions"}],"predecessor-version":[{"id":2428,"href":"http:\/\/albaikide.com\/eus\/wp-json\/wp\/v2\/pages\/2364\/revisions\/2428"}],"wp:attachment":[{"href":"http:\/\/albaikide.com\/eus\/wp-json\/wp\/v2\/media?parent=2364"}],"curies":[{"name":"wp","href":"https:\/\/api.w.org\/{rel}","templated":true}]}}