{"id":2301,"date":"2024-02-05T12:45:38","date_gmt":"2024-02-05T11:45:38","guid":{"rendered":"https:\/\/albaikide.com\/?page_id=2301"},"modified":"2024-02-05T13:00:15","modified_gmt":"2024-02-05T12:00:15","slug":"aviso-legal","status":"publish","type":"page","link":"http:\/\/albaikide.com\/eus\/aviso-legal\/","title":{"rendered":"Aviso legal"},"content":{"rendered":"<div data-elementor-type=\"wp-page\" data-elementor-id=\"2301\" class=\"elementor elementor-2301\">\n\t\t\t\t\t\t<section class=\"elementor-section elementor-top-section elementor-element elementor-element-6ed96192 elementor-section-boxed elementor-section-height-default elementor-section-height-default\" data-id=\"6ed96192\" data-element_type=\"section\" data-e-type=\"section\">\n\t\t\t\t\t\t<div class=\"elementor-container elementor-column-gap-default\">\n\t\t\t\t\t<div class=\"elementor-column elementor-col-100 elementor-top-column elementor-element elementor-element-2f22d2cf\" data-id=\"2f22d2cf\" data-element_type=\"column\" data-e-type=\"column\">\n\t\t\t<div class=\"elementor-widget-wrap elementor-element-populated\">\n\t\t\t\t\t\t<div class=\"elementor-element elementor-element-61689d81 elementor-widget elementor-widget-text-editor\" data-id=\"61689d81\" data-element_type=\"widget\" data-e-type=\"widget\" data-widget_type=\"text-editor.default\">\n\t\t\t\t<div class=\"elementor-widget-container\">\n\t\t\t\t\t\t\t\t\t<p><\/p>\n<p><\/p>\n<p><\/p>\n<h2 class=\"wp-block-heading\"><a href=\"https:\/\/albaikide.com\/eus\/\">AVISO LEGAL DE ALBAIKIDE<\/a>\u00a0<\/h2>\n<p>En cumplimiento de la Ley 34\/2002, de 11 de julio, de Servicios de la Sociedad de la Informaci\u00f3n y de Comercio Electr\u00f3nico (LSSI-CE), ALBAIKIDE SA informa que es titular del sitio web. De acuerdo con la exigencia del art\u00edculo 10 de la citada Ley, ALBAIKIDE SA informa de los siguientes datos:<\/p>\n<h5>Datos del propietario de la web:<\/h5>\n<p><\/p>\n<p><\/p>\n<p>ALBAIKIDE S.A.<br \/>IFK: A31720329<br \/>Dominio: <a href=\"https:\/\/albaikide.com\/eus\/\">https:\/\/albaikide.com\/<\/a><br \/>Helbidea: Akaborro Ind. Erm. z\/g<br \/>31860 Irurtzun<br \/>Nafarroa\/Navarra<br \/>Telefono: 948 50 03 43<br \/>Registro: tomo 704, folio 150, hoja 7578 e inscripci\u00f3n 1<\/p>\n<p><\/p>\n<p><\/p>\n<p><\/p>\n<p><\/p>\n<h5 class=\"wp-block-heading\">Usuario y r\u00e9gimen de responsabilidades<\/h5>\n<p><\/p>\n<p><\/p>\n<p>La navegaci\u00f3n, acceso y uso por el sitio web de ALBAIKIDE SA confiere la condici\u00f3n de usuario.<\/p>\n<p>El sitio web de ALBAIKIDE SA proporciona gran diversidad de informaci\u00f3n, servicios y datos. El usuario asume su responsabilidad en el uso correcto del sitio web. Esta responsabilidad se extender\u00e1 a:<\/p>\n<ul>\n<li>La veracidad y licitud de las informaciones aportadas por el usuario en los formularios extendidos por ALBAIKIDE SA para el acceso a ciertos contenidos o servicios ofrecidos por el web.<\/li>\n<li>El uso de la informaci\u00f3n, servicios y datos ofrecidos por ALBAIKIDE SA contrariamente a lo dispuesto por las presentes condiciones, la Ley, la moral, las buenas costumbres o el orden p\u00fablico, o que de cualquier otro modo puedan suponer lesi\u00f3n de los derechos de terceros o del mismo funcionamiento del<br \/>sitio web.<\/li>\n<\/ul>\n<h5>Pol\u00edtica de enlaces y exenciones de responsabilidad<\/h5>\n<p>ALBAIKIDE SA no se hace responsable del contenido de los sitios web a los que el usuario pueda acceder a trav\u00e9s de los enlaces establecidos en su sitio web, siempre que no tenga conocimiento efectivo de que la actividad o la informaci\u00f3n a la que remite o recomienda es il\u00edcita o de que lesiona bienes o derechos de un tercero susceptibles de indemnizaci\u00f3n, o, en caso de tenerlo, act\u00fae con diligencia para suprimir o inutilizar el enlace correspondiente.<\/p>\n<p>Se entender\u00e1 que ALBAIKIDE SA tiene el conocimiento efectivo a que se refiere el p\u00e1rrafo anterior cuando un \u00f3rgano competente haya declarado la ilicitud de los datos, ordenado su retirada o que se imposibilite el acceso a los mismos, o se hubiera declarado la existencia de la lesi\u00f3n, y ALBAIKIDE SA conociera la correspondiente resoluci\u00f3n, sin perjuicio de los procedimientos de detecci\u00f3n y retirada de contenidos que ALBAIKIDE SA aplique en virtud de acuerdos voluntarios y de otros medios de conocimiento efectivo que pudieran establecerse.<\/p>\n<p>ALBAIKIDE SA declara haber adoptado todas las medidas necesarias para evitar cualquier da\u00f1o a los usuarios de su sitio web, que pudieran derivarse de la navegaci\u00f3n por su sitio web. En consecuencia, ALBAIKIDE SA no se hace responsable, en ning\u00fan caso, de los eventuales da\u00f1os que por la navegaci\u00f3n por Internet pudiera sufrir el usuario. Asimismo, tampoco garantizar\u00e1 la disponibilidad t\u00e9cnica, exactitud, veracidad, validez o legalidad de sitios ajenos a su propiedad a los que se pueda acceder por medio de los enlaces.<\/p>\n<h5>Modificaciones<\/h5>\n<p>ALBAIKIDE SA se reserva el derecho a realizar las modificaciones que considere oportunas, sin aviso previo, en el contenido de su sitio web. Tanto en lo referente a los contenidos del sitio web, como en las condiciones de uso del mismo, o en las condiciones generales de contrataci\u00f3n. Los cambios a los que hace referencia este apartado, no afectar\u00e1n a las contrataciones realizadas con fecha anterior a la fecha de publicaci\u00f3n de los mismos.<\/p>\n<p>Dichas modificaciones podr\u00e1n realizarse a trav\u00e9s de su sitio web por cualquier forma admisible en derecho y ser\u00e1n de obligado cumplimiento durante el tiempo en que se encuentren publicadas en el web y hasta que no sean modificadas v\u00e1lidamente por otras posteriores.<\/p>\n<h5>Indicaci\u00f3n de precios<\/h5>\n<p>En caso de que se muestren precios de productos y\/o servicios, los indicados en pantalla ser\u00e1n los vigentes en cada momento. Los precios ser\u00e1n indicados en euros y tendr\u00e1n incorporado el Impuesto sobre el Valor A\u00f1adido (IVA). En caso de que no se incorpore el IVA en el precio, se indicar\u00e1 de manera expresa y se permitir\u00e1 al usuario visualizar el precio final completo.<\/p>\n<p>Asimismo, si fuera aplicable cualquier otro impuesto, as\u00ed se indicar\u00eda, incluyendo, en su caso, el importe de los incrementos o descuentos que sean de aplicaci\u00f3n a la oferta y los gastos adicionales que puedan repercutir al consumidor o usuario.<\/p>\n<h5>Propiedad intelectual e industrial<\/h5>\n<p>ALBAIKIDE SA por s\u00ed misma o como cesionaria, es titular de todos los derechos de propiedad intelectual e industrial de su p\u00e1gina web, as\u00ed como de los elementos contenidos en la misma (a t\u00edtulo enunciativo, im\u00e1genes, sonido, audio, v\u00eddeo, software o textos; marcas o logotipos, combinaciones de colores, estructura y dise\u00f1o, selecci\u00f3n de materiales usados, programas de ordenador necesarios para su funcionamiento, acceso y uso, etc.), titularidad de ALBAIKIDE SA. Ser\u00e1n, por consiguiente, obras protegidas como propiedad intelectual por el ordenamiento jur\u00eddico espa\u00f1ol, si\u00e9ndoles aplicables tanto la normativa espa\u00f1ola y comunitaria en este campo, como los tratados internacionales relativos a la materia y suscritos por Espa\u00f1a.<\/p>\n<p>Todos los derechos reservados. En virtud de lo dispuesto en la Ley de Propiedad Intelectual, quedan expresamente prohibidas la reproducci\u00f3n, la distribuci\u00f3n y la comunicaci\u00f3n p\u00fablica, incluida su modalidad de seguridad en la relaci\u00f3n con terceros \u00b7 servicio compliance puesta a disposici\u00f3n, de la totalidad o parte de los contenidos de esta p\u00e1gina web, con fines comerciales, en cualquier soporte y por cualquier medio t\u00e9cnico, sin la autorizaci\u00f3n de ALBAIKIDE SA.<\/p>\n<p>El usuario se compromete a respetar los derechos de Propiedad Intelectual e Industrial titularidad de ALBAIKIDE SA. Podr\u00e1 visualizar los elementos del portal e incluso imprimirlos, copiarlos y almacenarlos en el disco duro de su ordenador o en cualquier otro soporte f\u00edsico siempre y cuando sea, \u00fanica y exclusivamente, para su uso personal y privado. El usuario deber\u00e1 abstenerse de suprimir, alterar, eludir o manipular cualquier dispositivo de protecci\u00f3n o sistema de seguridad que estuviera instalado en las p\u00e1ginas de ALBAIKIDE SA.<\/p>\n<h5>Certificado SSL (secure sockets layer)<\/h5>\n<p>El CERTIFICADO SSL proporciona autenticaci\u00f3n, privacidad y seguridad de la informaci\u00f3n entre ALBAIKIDE SA y el usuario.<\/p>\n<p>ALBAIKIDE SA dispone de un certificado de seguridad que se utiliza por CERTIFICADO SSL para realizar conexiones seguras.<\/p>\n<p>En este proceso se establecen varios par\u00e1metros para realizar la conexi\u00f3n de forma segura y se establece usando llaves preestablecidas, codificando y descodificando todos los datos enviados hasta que la conexi\u00f3n sea cerrada.<\/p>\n<h5>Acciones legales, legislaci\u00f3n aplicable y jurisdicci\u00f3n<\/h5>\n<p>Si el usuario desea presentar una reclamaci\u00f3n, deber\u00e1 contactar mediante el correo electr\u00f3nico info@albaitaritza.com. Asimismo, ALBAIKIDE SA dispone de hojas oficiales de reclamaci\u00f3n a disposici\u00f3n de los consumidores y usuarios.<\/p>\n<p>ALBAIKIDE SA se reserva la facultad de presentar las acciones civiles o penales que considere oportunas por la utilizaci\u00f3n indebida de su sitio web y contenidos, o por el incumplimiento de las presentes condiciones.<\/p>\n<p>La relaci\u00f3n entre el usuario y el prestador se regir\u00e1 por la normativa vigente y de aplicaci\u00f3n en el territorio espa\u00f1ol. De surgir cualquier controversia las partes podr\u00e1n someter sus conflictos a arbitraje o acudir a la jurisdicci\u00f3n ordinaria cumpliendo con las normas sobre jurisdicci\u00f3n y competencia al respecto. ALBAIKIDE SA tiene su domicilio en NAVARRA, Espa\u00f1a.<\/p>\n<p>Los contratos celebrados por v\u00eda electr\u00f3nica en los que intervenga como parte un consumidor, se presumir\u00e1n celebrados en el lugar en que \u00e9ste tenga su residencia habitual.<\/p>\n<p>Los contratos electr\u00f3nicos entre empresarios o profesionales, en defecto de pacto entre las partes, se presumir\u00e1n celebrados en el lugar en que est\u00e9 establecido el prestador de servicios.<\/p>\n<p>Resoluci\u00f3n de litigios en l\u00ednea conforme al Art. 14.1 del Reglamento (UE) 524\/2013: La Comisi\u00f3n Europea facilita una plataforma de resoluci\u00f3n de litigios en l\u00ednea, la cual se encuentra disponible en el siguiente enlace: <a href=\"https:\/\/ec.europa.eu\/consumers\/odr\/\">https:\/\/ec.europa.eu\/consumers\/odr\/<\/a><\/p>\n<p><br \/><strong>\u00daLTIMA ACTUALIZACI\u00d3N:<\/strong> 10 de marzo de 2023<\/p>\n<h3>CONDICIONES GENERALES DE CONTRATACI\u00d3N<\/h3>\n<p>Actualmente ALBAIKIDE SA no dispone de p\u00e1gina web con comercio electr\u00f3nico dentro de su organizaci\u00f3n, por lo que no le es de aplicaci\u00f3n el presente apartado. En caso que se proceda a la disposici\u00f3n de una p\u00e1gina web con estas caracter\u00edsticas se deber\u00e1 poner en contacto con PROFESSIONAL GROUP CONVERSIA SLU para <br \/>actualizar la documentaci\u00f3n.<\/p>\n<p><\/p>\n<p><\/p>\n<p><\/p>\t\t\t\t\t\t\t\t<\/div>\n\t\t\t\t<\/div>\n\t\t\t\t\t<\/div>\n\t\t<\/div>\n\t\t\t\t\t<\/div>\n\t\t<\/section>\n\t\t\t\t<\/div>","protected":false},"excerpt":{"rendered":"<p>AVISO LEGAL DE ALBAIKIDE\u00a0 En cumplimiento de la Ley 34\/2002, de 11 de julio, de Servicios de la Sociedad de la Informaci\u00f3n y de Comercio Electr\u00f3nico (LSSI-CE), ALBAIKIDE SA informa que es titular del sitio web. De acuerdo con la exigencia del art\u00edculo 10 de la citada Ley, ALBAIKIDE SA informa de los siguientes datos: Datos del propietario de la web: ALBAIKIDE S.A.CIF: A31720329Dominio: https:\/\/albaikide.com\/Direcci\u00f3n: Akaborro Ind.Erm. z\/g31860 IrurtzunNafarroa\/NavarraTelefono: 948&hellip;<\/p>","protected":false},"author":6,"featured_media":0,"parent":0,"menu_order":0,"comment_status":"closed","ping_status":"closed","template":"","meta":{"inline_featured_image":false,"footnotes":""},"class_list":["post-2301","page","type-page","status-publish","hentry"],"yoast_head":"<!-- This site is optimized with the Yoast SEO plugin v27.2 - https:\/\/yoast.com\/product\/yoast-seo-wordpress\/ -->\n<title>Aviso legal - Albaikide<\/title>\n<meta name=\"robots\" content=\"index, follow, max-snippet:-1, max-image-preview:large, max-video-preview:-1\" \/>\n<link rel=\"canonical\" href=\"http:\/\/albaikide.com\/eus\/aviso-legal\/\" \/>\n<meta property=\"og:locale\" content=\"en_US\" \/>\n<meta property=\"og:type\" content=\"article\" \/>\n<meta property=\"og:title\" content=\"Aviso legal - Albaikide\" \/>\n<meta property=\"og:description\" content=\"AVISO LEGAL DE ALBAIKIDE\u00a0 En cumplimiento de la Ley 34\/2002, de 11 de julio, de Servicios de la Sociedad de la Informaci\u00f3n y de Comercio Electr\u00f3nico (LSSI-CE), ALBAIKIDE SA informa que es titular del sitio web. De acuerdo con la exigencia del art\u00edculo 10 de la citada Ley, ALBAIKIDE SA informa de los siguientes datos: Datos del propietario de la web: ALBAIKIDE S.A.CIF: A31720329Dominio: https:\/\/albaikide.com\/Direcci\u00f3n: Akaborro Ind.Erm. z\/g31860 IrurtzunNafarroa\/NavarraTelefono: 948&hellip;\" \/>\n<meta property=\"og:url\" content=\"http:\/\/albaikide.com\/eus\/aviso-legal\/\" \/>\n<meta property=\"og:site_name\" content=\"Albaikide\" \/>\n<meta property=\"article:modified_time\" content=\"2024-02-05T12:00:15+00:00\" \/>\n<meta name=\"twitter:card\" content=\"summary_large_image\" \/>\n<meta name=\"twitter:label1\" content=\"Est. reading time\" \/>\n\t<meta name=\"twitter:data1\" content=\"7 minutua\" \/>\n<script type=\"application\/ld+json\" class=\"yoast-schema-graph\">{\"@context\":\"https:\/\/schema.org\",\"@graph\":[{\"@type\":\"WebPage\",\"@id\":\"http:\/\/albaikide.com\/eus\/aviso-legal\/\",\"url\":\"http:\/\/albaikide.com\/eus\/aviso-legal\/\",\"name\":\"Aviso legal - Albaikide\",\"isPartOf\":{\"@id\":\"http:\/\/albaikide.com\/#website\"},\"datePublished\":\"2024-02-05T11:45:38+00:00\",\"dateModified\":\"2024-02-05T12:00:15+00:00\",\"breadcrumb\":{\"@id\":\"http:\/\/albaikide.com\/eus\/aviso-legal\/#breadcrumb\"},\"inLanguage\":\"eu\",\"potentialAction\":[{\"@type\":\"ReadAction\",\"target\":[\"http:\/\/albaikide.com\/eus\/aviso-legal\/\"]}]},{\"@type\":\"BreadcrumbList\",\"@id\":\"http:\/\/albaikide.com\/eus\/aviso-legal\/#breadcrumb\",\"itemListElement\":[{\"@type\":\"ListItem\",\"position\":1,\"name\":\"Portada\",\"item\":\"http:\/\/albaikide.com\/\"},{\"@type\":\"ListItem\",\"position\":2,\"name\":\"Aviso legal\"}]},{\"@type\":\"WebSite\",\"@id\":\"http:\/\/albaikide.com\/#website\",\"url\":\"http:\/\/albaikide.com\/\",\"name\":\"Albaitaritza\",\"description\":\"\",\"publisher\":{\"@id\":\"http:\/\/albaikide.com\/#organization\"},\"potentialAction\":[{\"@type\":\"SearchAction\",\"target\":{\"@type\":\"EntryPoint\",\"urlTemplate\":\"http:\/\/albaikide.com\/?s={search_term_string}\"},\"query-input\":{\"@type\":\"PropertyValueSpecification\",\"valueRequired\":true,\"valueName\":\"search_term_string\"}}],\"inLanguage\":\"eu\"},{\"@type\":\"Organization\",\"@id\":\"http:\/\/albaikide.com\/#organization\",\"name\":\"Albaitaritza SA\",\"url\":\"http:\/\/albaikide.com\/\",\"logo\":{\"@type\":\"ImageObject\",\"inLanguage\":\"eu\",\"@id\":\"http:\/\/albaikide.com\/#\/schema\/logo\/image\/\",\"url\":\"http:\/\/albaikide.com\/wp-content\/uploads\/albaitaritza-logo.png\",\"contentUrl\":\"http:\/\/albaikide.com\/wp-content\/uploads\/albaitaritza-logo.png\",\"width\":1667,\"height\":417,\"caption\":\"Albaitaritza SA\"},\"image\":{\"@id\":\"http:\/\/albaikide.com\/#\/schema\/logo\/image\/\"}}]}<\/script>\n<!-- \/ Yoast SEO plugin. -->","yoast_head_json":{"title":"Aviso legal - Albaikide","robots":{"index":"index","follow":"follow","max-snippet":"max-snippet:-1","max-image-preview":"max-image-preview:large","max-video-preview":"max-video-preview:-1"},"canonical":"http:\/\/albaikide.com\/eus\/aviso-legal\/","og_locale":"en_US","og_type":"article","og_title":"Aviso legal - Albaikide","og_description":"AVISO LEGAL DE ALBAIKIDE\u00a0 En cumplimiento de la Ley 34\/2002, de 11 de julio, de Servicios de la Sociedad de la Informaci\u00f3n y de Comercio Electr\u00f3nico (LSSI-CE), ALBAIKIDE SA informa que es titular del sitio web. De acuerdo con la exigencia del art\u00edculo 10 de la citada Ley, ALBAIKIDE SA informa de los siguientes datos: Datos del propietario de la web: ALBAIKIDE S.A.CIF: A31720329Dominio: https:\/\/albaikide.com\/Direcci\u00f3n: Akaborro Ind.Erm. z\/g31860 IrurtzunNafarroa\/NavarraTelefono: 948&hellip;","og_url":"http:\/\/albaikide.com\/eus\/aviso-legal\/","og_site_name":"Albaikide","article_modified_time":"2024-02-05T12:00:15+00:00","twitter_card":"summary_large_image","twitter_misc":{"Est. reading time":"7 minutua"},"schema":{"@context":"https:\/\/schema.org","@graph":[{"@type":"WebPage","@id":"http:\/\/albaikide.com\/eus\/aviso-legal\/","url":"http:\/\/albaikide.com\/eus\/aviso-legal\/","name":"Aviso legal - Albaikide","isPartOf":{"@id":"http:\/\/albaikide.com\/#website"},"datePublished":"2024-02-05T11:45:38+00:00","dateModified":"2024-02-05T12:00:15+00:00","breadcrumb":{"@id":"http:\/\/albaikide.com\/eus\/aviso-legal\/#breadcrumb"},"inLanguage":"eu","potentialAction":[{"@type":"ReadAction","target":["http:\/\/albaikide.com\/eus\/aviso-legal\/"]}]},{"@type":"BreadcrumbList","@id":"http:\/\/albaikide.com\/eus\/aviso-legal\/#breadcrumb","itemListElement":[{"@type":"ListItem","position":1,"name":"Portada","item":"http:\/\/albaikide.com\/"},{"@type":"ListItem","position":2,"name":"Aviso legal"}]},{"@type":"WebSite","@id":"http:\/\/albaikide.com\/#website","url":"http:\/\/albaikide.com\/","name":"Albaitaritza","description":"","publisher":{"@id":"http:\/\/albaikide.com\/#organization"},"potentialAction":[{"@type":"SearchAction","target":{"@type":"EntryPoint","urlTemplate":"http:\/\/albaikide.com\/?s={search_term_string}"},"query-input":{"@type":"PropertyValueSpecification","valueRequired":true,"valueName":"search_term_string"}}],"inLanguage":"eu"},{"@type":"Organization","@id":"http:\/\/albaikide.com\/#organization","name":"Albaitaritza SA","url":"http:\/\/albaikide.com\/","logo":{"@type":"ImageObject","inLanguage":"eu","@id":"http:\/\/albaikide.com\/#\/schema\/logo\/image\/","url":"http:\/\/albaikide.com\/wp-content\/uploads\/albaitaritza-logo.png","contentUrl":"http:\/\/albaikide.com\/wp-content\/uploads\/albaitaritza-logo.png","width":1667,"height":417,"caption":"Albaitaritza SA"},"image":{"@id":"http:\/\/albaikide.com\/#\/schema\/logo\/image\/"}}]}},"_links":{"self":[{"href":"http:\/\/albaikide.com\/eus\/wp-json\/wp\/v2\/pages\/2301","targetHints":{"allow":["GET"]}}],"collection":[{"href":"http:\/\/albaikide.com\/eus\/wp-json\/wp\/v2\/pages"}],"about":[{"href":"http:\/\/albaikide.com\/eus\/wp-json\/wp\/v2\/types\/page"}],"author":[{"embeddable":true,"href":"http:\/\/albaikide.com\/eus\/wp-json\/wp\/v2\/users\/6"}],"replies":[{"embeddable":true,"href":"http:\/\/albaikide.com\/eus\/wp-json\/wp\/v2\/comments?post=2301"}],"version-history":[{"count":17,"href":"http:\/\/albaikide.com\/eus\/wp-json\/wp\/v2\/pages\/2301\/revisions"}],"predecessor-version":[{"id":2318,"href":"http:\/\/albaikide.com\/eus\/wp-json\/wp\/v2\/pages\/2301\/revisions\/2318"}],"wp:attachment":[{"href":"http:\/\/albaikide.com\/eus\/wp-json\/wp\/v2\/media?parent=2301"}],"curies":[{"name":"wp","href":"https:\/\/api.w.org\/{rel}","templated":true}]}}